{"id":49012,"date":"2026-03-23T15:46:31","date_gmt":"2026-03-23T14:46:31","guid":{"rendered":"https:\/\/www.orionstyle.com\/?page_id=49012"},"modified":"2026-03-23T16:06:20","modified_gmt":"2026-03-23T15:06:20","slug":"orion-interiors","status":"publish","type":"page","link":"https:\/\/www.orionstyle.com\/en\/orion-interiors\/","title":{"rendered":"Orion Interiors"},"content":{"rendered":"<section class=\"wpb-content-wrapper\"><p>[vc_row full_width=&#8221;stretch_row&#8221; css=&#8221;.vc_custom_1525030558451{margin-bottom: 50px !important;padding-top: 80px !important;padding-bottom: 50px !important;}&#8221;][vc_column][vc_column_text]<\/p>\n<h4><strong>Orion Interni \u00e8 la linea di arredi pensata per creare atmosfere uniche e riconoscibili.<\/strong><br \/>\nVuoi aprire un locale o rinnovarlo? Hai un\u2019idea chiara e la voglia di realizzarla?<br \/>\nCon Orion Interni, trasformarla in realt\u00e0 \u00e8 semplice: pensiamo noi a dare <strong>forma e personalit\u00e0<\/strong> al tuo spazio.<\/h4>\n<h4><strong>Orion Interni<\/strong> nasce per:<\/h4>\n<ul>\n<li>\n<h4>semplificare la gestione dell\u2019arredo<\/h4>\n<\/li>\n<li>\n<h4>valorizzare il tuo spazio dandogli un\u2019identit\u00e0<\/h4>\n<\/li>\n<li>\n<h4>facilitare la scelta<\/h4>\n<\/li>\n<\/ul>\n<h4>Che tu stia aprendo una gelateria, rinnovando il tuo bar o arredando una pasticceria, con Orion hai tutto ci\u00f2 che ti serve: <strong>una linea completa di vetrine, banchi e retrobanchi<\/strong> belli da vedere, facili da configurare, pronti da usare.<\/h4>\n<h4><strong>Scopri la collezione RUY.<\/strong><br \/>\nPresto ti sveleremo di pi\u00f9 su Joe\u2026 e resta connesso: la terza collezione sta arrivando!<\/h4>\n<p>[\/vc_column_text][\/vc_column][\/vc_row][vc_row full_width=&#8221;stretch_row_content&#8221; large_padding=&#8221;true&#8221; css=&#8221;.vc_custom_1484229489119{margin-bottom: 0px !important;}&#8221;][vc_column]<div class=\"container-fluid0 rdy_portfolio_container\"><div class=\"rdy_portfolio_wrap row0\"><\/div><\/div>[\/vc_column][\/vc_row]<\/p>\n<\/section>","protected":false},"excerpt":{"rendered":"<p>[vc_row full_width=&#8221;stretch_row&#8221; css=&#8221;.vc_custom_1525030558451{margin-bottom: 50px !important;padding-top: 80px !important;padding-bottom: 50px !important;}&#8221;][vc_column][vc_column_text] Orion Interni \u00e8 la linea di arredi pensata per creare atmosfere uniche e riconoscibili. Vuoi aprire un locale o rinnovarlo? Hai [&hellip;]<\/p>\n","protected":false},"author":7,"featured_media":0,"parent":0,"menu_order":0,"comment_status":"closed","ping_status":"closed","template":"","meta":{"footnotes":""},"class_list":["post-49012","page","type-page","status-publish","hentry"],"yoast_head":"<!-- This site is optimized with the Yoast SEO plugin v27.3 - https:\/\/yoast.com\/product\/yoast-seo-wordpress\/ -->\n<title>Orion Interni<\/title>\n<meta name=\"description\" content=\"Linea di arredi pensata per creare atmosfere uniche e riconoscibili. Vuoi aprire un locale o rinnovarlo? Hai un\u2019idea chiara e la voglia di realizzarla? Con Orion Interni, trasformarla in realt\u00e0 \u00e8 semplice: pensiamo noi a dare forma e personalit\u00e0 al tuo spazio.\" \/>\n<meta name=\"robots\" content=\"index, follow, max-snippet:-1, max-image-preview:large, max-video-preview:-1\" \/>\n<link rel=\"canonical\" href=\"https:\/\/www.orionstyle.com\/en\/orion-interiors\/\" \/>\n<meta property=\"og:locale\" content=\"en_US\" \/>\n<meta property=\"og:type\" content=\"article\" \/>\n<meta property=\"og:title\" content=\"Orion Interni\" \/>\n<meta property=\"og:description\" content=\"Linea di arredi pensata per creare atmosfere uniche e riconoscibili. Vuoi aprire un locale o rinnovarlo? Hai un\u2019idea chiara e la voglia di realizzarla? Con Orion Interni, trasformarla in realt\u00e0 \u00e8 semplice: pensiamo noi a dare forma e personalit\u00e0 al tuo spazio.\" \/>\n<meta property=\"og:url\" content=\"https:\/\/www.orionstyle.com\/en\/orion-interiors\/\" \/>\n<meta property=\"og:site_name\" content=\"Orion\" \/>\n<meta property=\"article:publisher\" content=\"https:\/\/www.facebook.com\/pages\/Orion\/108790925914446\" \/>\n<meta property=\"article:modified_time\" content=\"2026-03-23T15:06:20+00:00\" \/>\n<meta property=\"og:image\" content=\"https:\/\/www.orionstyle.com\/wp-content\/uploads\/2017\/04\/orionjobs-reale.jpg\" \/>\n\t<meta property=\"og:image:width\" content=\"1526\" \/>\n\t<meta property=\"og:image:height\" content=\"858\" \/>\n\t<meta property=\"og:image:type\" content=\"image\/jpeg\" \/>\n<meta name=\"twitter:card\" content=\"summary_large_image\" \/>\n<meta name=\"twitter:label1\" content=\"Est. reading time\" \/>\n\t<meta name=\"twitter:data1\" content=\"1 minute\" \/>\n<script type=\"application\/ld+json\" class=\"yoast-schema-graph\">{\"@context\":\"https:\\\/\\\/schema.org\",\"@graph\":[{\"@type\":\"WebPage\",\"@id\":\"https:\\\/\\\/www.orionstyle.com\\\/en\\\/orion-interiors\\\/\",\"url\":\"https:\\\/\\\/www.orionstyle.com\\\/en\\\/orion-interiors\\\/\",\"name\":\"Orion Interni\",\"isPartOf\":{\"@id\":\"https:\\\/\\\/www.orionstyle.com\\\/en\\\/#website\"},\"datePublished\":\"2026-03-23T14:46:31+00:00\",\"dateModified\":\"2026-03-23T15:06:20+00:00\",\"description\":\"Linea di arredi pensata per creare atmosfere uniche e riconoscibili. Vuoi aprire un locale o rinnovarlo? Hai un\u2019idea chiara e la voglia di realizzarla? Con Orion Interni, trasformarla in realt\u00e0 \u00e8 semplice: pensiamo noi a dare forma e personalit\u00e0 al tuo spazio.\",\"breadcrumb\":{\"@id\":\"https:\\\/\\\/www.orionstyle.com\\\/en\\\/orion-interiors\\\/#breadcrumb\"},\"inLanguage\":\"en-US\",\"potentialAction\":[{\"@type\":\"ReadAction\",\"target\":[\"https:\\\/\\\/www.orionstyle.com\\\/en\\\/orion-interiors\\\/\"]}]},{\"@type\":\"BreadcrumbList\",\"@id\":\"https:\\\/\\\/www.orionstyle.com\\\/en\\\/orion-interiors\\\/#breadcrumb\",\"itemListElement\":[{\"@type\":\"ListItem\",\"position\":1,\"name\":\"Home\",\"item\":\"https:\\\/\\\/www.orionstyle.com\\\/en\\\/\"},{\"@type\":\"ListItem\",\"position\":2,\"name\":\"Orion Interiors\"}]},{\"@type\":\"WebSite\",\"@id\":\"https:\\\/\\\/www.orionstyle.com\\\/en\\\/#website\",\"url\":\"https:\\\/\\\/www.orionstyle.com\\\/en\\\/\",\"name\":\"Orion\",\"description\":\"Vetrine di design per la ristorazione\",\"publisher\":{\"@id\":\"https:\\\/\\\/www.orionstyle.com\\\/en\\\/#organization\"},\"potentialAction\":[{\"@type\":\"SearchAction\",\"target\":{\"@type\":\"EntryPoint\",\"urlTemplate\":\"https:\\\/\\\/www.orionstyle.com\\\/en\\\/?s={search_term_string}\"},\"query-input\":{\"@type\":\"PropertyValueSpecification\",\"valueRequired\":true,\"valueName\":\"search_term_string\"}}],\"inLanguage\":\"en-US\"},{\"@type\":\"Organization\",\"@id\":\"https:\\\/\\\/www.orionstyle.com\\\/en\\\/#organization\",\"name\":\"Orion\",\"url\":\"https:\\\/\\\/www.orionstyle.com\\\/en\\\/\",\"logo\":{\"@type\":\"ImageObject\",\"inLanguage\":\"en-US\",\"@id\":\"https:\\\/\\\/www.orionstyle.com\\\/en\\\/#\\\/schema\\\/logo\\\/image\\\/\",\"url\":\"https:\\\/\\\/www.orionstyle.com\\\/wp-content\\\/uploads\\\/2016\\\/11\\\/logo-orion-nero.png\",\"contentUrl\":\"https:\\\/\\\/www.orionstyle.com\\\/wp-content\\\/uploads\\\/2016\\\/11\\\/logo-orion-nero.png\",\"width\":190,\"height\":86,\"caption\":\"Orion\"},\"image\":{\"@id\":\"https:\\\/\\\/www.orionstyle.com\\\/en\\\/#\\\/schema\\\/logo\\\/image\\\/\"},\"sameAs\":[\"https:\\\/\\\/www.facebook.com\\\/pages\\\/Orion\\\/108790925914446\",\"https:\\\/\\\/www.instagram.com\\\/orion_style\\\/\",\"https:\\\/\\\/it.pinterest.com\\\/orionstyle\\\/\",\"https:\\\/\\\/www.youtube.com\\\/channel\\\/UCMzIDg9j3bRofcq8jH9k1mw\"]}]}<\/script>\n<!-- \/ Yoast SEO plugin. -->","yoast_head_json":{"title":"Orion Interni","description":"Linea di arredi pensata per creare atmosfere uniche e riconoscibili. Vuoi aprire un locale o rinnovarlo? Hai un\u2019idea chiara e la voglia di realizzarla? Con Orion Interni, trasformarla in realt\u00e0 \u00e8 semplice: pensiamo noi a dare forma e personalit\u00e0 al tuo spazio.","robots":{"index":"index","follow":"follow","max-snippet":"max-snippet:-1","max-image-preview":"max-image-preview:large","max-video-preview":"max-video-preview:-1"},"canonical":"https:\/\/www.orionstyle.com\/en\/orion-interiors\/","og_locale":"en_US","og_type":"article","og_title":"Orion Interni","og_description":"Linea di arredi pensata per creare atmosfere uniche e riconoscibili. Vuoi aprire un locale o rinnovarlo? Hai un\u2019idea chiara e la voglia di realizzarla? Con Orion Interni, trasformarla in realt\u00e0 \u00e8 semplice: pensiamo noi a dare forma e personalit\u00e0 al tuo spazio.","og_url":"https:\/\/www.orionstyle.com\/en\/orion-interiors\/","og_site_name":"Orion","article_publisher":"https:\/\/www.facebook.com\/pages\/Orion\/108790925914446","article_modified_time":"2026-03-23T15:06:20+00:00","og_image":[{"width":1526,"height":858,"url":"https:\/\/www.orionstyle.com\/wp-content\/uploads\/2017\/04\/orionjobs-reale.jpg","type":"image\/jpeg"}],"twitter_card":"summary_large_image","twitter_misc":{"Est. reading time":"1 minute"},"schema":{"@context":"https:\/\/schema.org","@graph":[{"@type":"WebPage","@id":"https:\/\/www.orionstyle.com\/en\/orion-interiors\/","url":"https:\/\/www.orionstyle.com\/en\/orion-interiors\/","name":"Orion Interni","isPartOf":{"@id":"https:\/\/www.orionstyle.com\/en\/#website"},"datePublished":"2026-03-23T14:46:31+00:00","dateModified":"2026-03-23T15:06:20+00:00","description":"Linea di arredi pensata per creare atmosfere uniche e riconoscibili. Vuoi aprire un locale o rinnovarlo? Hai un\u2019idea chiara e la voglia di realizzarla? Con Orion Interni, trasformarla in realt\u00e0 \u00e8 semplice: pensiamo noi a dare forma e personalit\u00e0 al tuo spazio.","breadcrumb":{"@id":"https:\/\/www.orionstyle.com\/en\/orion-interiors\/#breadcrumb"},"inLanguage":"en-US","potentialAction":[{"@type":"ReadAction","target":["https:\/\/www.orionstyle.com\/en\/orion-interiors\/"]}]},{"@type":"BreadcrumbList","@id":"https:\/\/www.orionstyle.com\/en\/orion-interiors\/#breadcrumb","itemListElement":[{"@type":"ListItem","position":1,"name":"Home","item":"https:\/\/www.orionstyle.com\/en\/"},{"@type":"ListItem","position":2,"name":"Orion Interiors"}]},{"@type":"WebSite","@id":"https:\/\/www.orionstyle.com\/en\/#website","url":"https:\/\/www.orionstyle.com\/en\/","name":"Orion","description":"Vetrine di design per la ristorazione","publisher":{"@id":"https:\/\/www.orionstyle.com\/en\/#organization"},"potentialAction":[{"@type":"SearchAction","target":{"@type":"EntryPoint","urlTemplate":"https:\/\/www.orionstyle.com\/en\/?s={search_term_string}"},"query-input":{"@type":"PropertyValueSpecification","valueRequired":true,"valueName":"search_term_string"}}],"inLanguage":"en-US"},{"@type":"Organization","@id":"https:\/\/www.orionstyle.com\/en\/#organization","name":"Orion","url":"https:\/\/www.orionstyle.com\/en\/","logo":{"@type":"ImageObject","inLanguage":"en-US","@id":"https:\/\/www.orionstyle.com\/en\/#\/schema\/logo\/image\/","url":"https:\/\/www.orionstyle.com\/wp-content\/uploads\/2016\/11\/logo-orion-nero.png","contentUrl":"https:\/\/www.orionstyle.com\/wp-content\/uploads\/2016\/11\/logo-orion-nero.png","width":190,"height":86,"caption":"Orion"},"image":{"@id":"https:\/\/www.orionstyle.com\/en\/#\/schema\/logo\/image\/"},"sameAs":["https:\/\/www.facebook.com\/pages\/Orion\/108790925914446","https:\/\/www.instagram.com\/orion_style\/","https:\/\/it.pinterest.com\/orionstyle\/","https:\/\/www.youtube.com\/channel\/UCMzIDg9j3bRofcq8jH9k1mw"]}]}},"_links":{"self":[{"href":"https:\/\/www.orionstyle.com\/en\/wp-json\/wp\/v2\/pages\/49012","targetHints":{"allow":["GET"]}}],"collection":[{"href":"https:\/\/www.orionstyle.com\/en\/wp-json\/wp\/v2\/pages"}],"about":[{"href":"https:\/\/www.orionstyle.com\/en\/wp-json\/wp\/v2\/types\/page"}],"author":[{"embeddable":true,"href":"https:\/\/www.orionstyle.com\/en\/wp-json\/wp\/v2\/users\/7"}],"replies":[{"embeddable":true,"href":"https:\/\/www.orionstyle.com\/en\/wp-json\/wp\/v2\/comments?post=49012"}],"version-history":[{"count":6,"href":"https:\/\/www.orionstyle.com\/en\/wp-json\/wp\/v2\/pages\/49012\/revisions"}],"predecessor-version":[{"id":49372,"href":"https:\/\/www.orionstyle.com\/en\/wp-json\/wp\/v2\/pages\/49012\/revisions\/49372"}],"wp:attachment":[{"href":"https:\/\/www.orionstyle.com\/en\/wp-json\/wp\/v2\/media?parent=49012"}],"curies":[{"name":"wp","href":"https:\/\/api.w.org\/{rel}","templated":true}]}}